{"id":2183,"date":"2024-03-15T10:08:07","date_gmt":"2024-03-15T10:08:07","guid":{"rendered":"https:\/\/casalibrada.com\/arquitectos\/nuestro-estudio-2\/"},"modified":"2025-09-22T16:20:01","modified_gmt":"2025-09-22T16:20:01","slug":"contacte","status":"publish","type":"page","link":"https:\/\/casalibrada.com\/en\/contacte\/","title":{"rendered":"Contacte"},"content":{"rendered":"<div id=\"fws_69f31b46d555f\"  data-column-margin=\"default\" data-midnight=\"dark\"  class=\"wpb_row vc_row-fluid vc_row full-width-content vc_row-o-full-height vc_row-o-columns-stretch vc_row-o-equal-height vc_row-flex vc_row-o-content-middle\"  style=\"padding-top: 0px; padding-bottom: 0px; \"><div class=\"row-bg-wrap\" data-bg-animation=\"none\" data-bg-animation-delay=\"\" data-bg-overlay=\"false\"><div class=\"inner-wrap row-bg-layer\" ><div class=\"row-bg viewport-desktop\"  style=\"\"><\/div><\/div><\/div><div class=\"row_col_wrap_12 col span_12 dark left\">\n\t<div style=\"\" class=\"vc_col-sm-6 wpb_column column_container vc_column_container col no-extra-padding inherit_tablet inherit_phone\" data-using-bg=\"true\" data-padding-pos=\"all\" data-has-bg-color=\"false\" data-bg-color=\"\" data-bg-opacity=\"1\" data-animation=\"\" data-delay=\"0\" >\n\t\t<div class=\"vc_column-inner\" ><div class=\"column-image-bg-wrap column-bg-layer viewport-desktop\" data-bg-pos=\"center center\" data-bg-animation=\"none\" data-bg-overlay=\"false\"><div class=\"inner-wrap\"><div class=\"column-image-bg\" style=\" background-image: url('https:\/\/casalibrada.com\/wp-content\/uploads\/2024\/06\/mk.jpg'); \"><\/div><\/div><\/div>\n\t\t\t<div class=\"wpb_wrapper\">\n\t\t\t\t<div class=\"divider-wrap\" data-alignment=\"default\"><div style=\"height: 400px;\" class=\"divider\"><\/div><\/div>\n\t\t\t<\/div> \n\t\t<\/div>\n\t<\/div> \n\n\t<div style=\"\" class=\"vc_col-sm-6 wpb_column column_container vc_column_container col padding-8-percent inherit_tablet inherit_phone\" data-using-bg=\"true\" data-padding-pos=\"all\" data-has-bg-color=\"true\" data-bg-color=\"#ffffff\" data-bg-opacity=\"1\" data-animation=\"\" data-delay=\"0\" >\n\t\t<div class=\"vc_column-inner\" ><div class=\"column-bg-overlay-wrap column-bg-layer\" data-bg-animation=\"none\"><div class=\"column-bg-overlay\" style=\"opacity: 1; background-color: #ffffff;\"><\/div><\/div>\n\t\t\t<div class=\"wpb_wrapper\">\n\t\t\t\t<div class=\"img-with-aniamtion-wrap  custom-size\" data-max-width=\"100%\" data-max-width-mobile=\"default\" data-shadow=\"none\" data-animation=\"none\" >\n      <div class=\"inner\">\n        <div class=\"hover-wrap\"> \n          <div class=\"hover-wrap-inner\">\n            <img loading=\"lazy\" decoding=\"async\" class=\"img-with-animation skip-lazy\" data-delay=\"0\" height=\"291\" width=\"300\" data-animation=\"none\" src=\"https:\/\/casalibrada.com\/wp-content\/uploads\/2024\/06\/logo22-300x291.jpg\" alt=\"\" srcset=\"https:\/\/casalibrada.com\/wp-content\/uploads\/2024\/06\/logo22-300x291.jpg 300w, https:\/\/casalibrada.com\/wp-content\/uploads\/2024\/06\/logo22-12x12.jpg 12w, https:\/\/casalibrada.com\/wp-content\/uploads\/2024\/06\/logo22.jpg 579w\" sizes=\"auto, (max-width: 300px) 100vw, 300px\" \/>\n          <\/div>\n        <\/div>\n      <\/div>\n    <\/div>\n<div class=\"wpb_text_column wpb_content_element  vc_custom_1718614206371\" >\n\t<div class=\"wpb_wrapper\">\n\t\t<p><b>Casa Librada<\/b> us ofereix la millor selecci\u00f3 de carns, formatges, i embotits.<\/p>\n<p><b>Actualitzem<\/b> els productes disponibles i els preus <b>a diari<\/b><\/p>\n<p>Volem donar-lis la nostra millor garantia de Servei i sobretot de confian\u00e7a. Per aix\u00f3 els nostres productes s\u00f3n de qualitat i escollits amb el m\u00e0xim de rigor. Escollim el millor per vost\u00e9s gr\u00e0cies a la nostra experi\u00e8ncia en el sector<\/p>\n<div class=\"x1hq5gj4\">\n<div class=\"x13faqbe x78zum5 xdt5ytf\">\n<div>\n<div class=\"x9f619 x1n2onr6 x1ja2u2z x78zum5 x1nhvcw1 x1qjc9v5 xozqiw3 x1q0g3np xexx8yu xykv574 xbmpl8g x4cne27 xifccgj xs83m0k\"><\/div>\n<\/div>\n<\/div>\n<\/div>\n<div class=\"xat24cr\">\n<div class=\"x13faqbe x78zum5 xdt5ytf\">\n<div class=\"x9f619 x1n2onr6 x1ja2u2z x78zum5 x1r8uery x1iyjqo2 xs83m0k xeuugli x1nhvcw1 x1qjc9v5 xozqiw3 x1q0g3np xexx8yu xykv574 xbmpl8g x4cne27 xifccgj\">\n<div class=\"x9f619 x1n2onr6 x1ja2u2z x78zum5 xdt5ytf x2lah0s x193iq5w xeuugli xsyo7zv x16hj40l x10b6aqq x1yrsyyn\"><\/div>\n<\/div>\n<\/div>\n<\/div>\n\t<\/div>\n<\/div>\n\n\n\n\n<div class=\"wpb_text_column wpb_content_element  vc_custom_1718793422866\" >\n\t<div class=\"wpb_wrapper\">\n\t\t<p class=\"_ap3a _aaco _aacu _aacx _aad6 _aade\" dir=\"auto\"><span class=\"x193iq5w xeuugli x13faqbe x1vvkbs x1xmvt09 x1lliihq x1s928wv xhkezso x1gmr53x x1cpjm7i x1fgarty x1943h6x xudqn12 x3x7a5m x6prxxf xvq8zen xo1l8bm xzsf02u\" dir=\"auto\" style=\"color: #808080;\"> C\/ Empedrat del Marxant, 5\u00a0\u00a0 08328 Alella<\/span><br \/>\n<span class=\"x193iq5w xeuugli x13faqbe x1vvkbs x1xmvt09 x1lliihq x1s928wv xhkezso x1gmr53x x1cpjm7i x1fgarty x1943h6x xudqn12 x3x7a5m x6prxxf xvq8zen xo1l8bm xzsf02u x1yc453h\" dir=\"auto\" style=\"color: #808080;\">T\/ 93 555 23 42<\/span><br \/>\n<span style=\"color: #808080;\"><span class=\"x193iq5w xeuugli x13faqbe x1vvkbs x1xmvt09 x1lliihq x1s928wv xhkezso x1gmr53x x1cpjm7i x1fgarty x1943h6x xudqn12 x3x7a5m x6prxxf xvq8zen xo1l8bm xzsf02u x1yc453h\" dir=\"auto\">e\/ <a style=\"color: #808080;\" href=\"mailto:info@casalibrada.com\">info<\/a><\/span><a style=\"color: #808080;\" href=\"mailto:info@casalibrada.com\"><span class=\"x193iq5w xeuugli x13faqbe x1vvkbs x1xmvt09 x1lliihq x1s928wv xhkezso x1gmr53x x1cpjm7i x1fgarty x1943h6x xudqn12 x3x7a5m x6prxxf xvq8zen xo1l8bm xzsf02u x1yc453h\" dir=\"auto\">@casalibrada.com<\/span><\/a><br \/>\n<\/span><\/p>\n<div class=\"x1hq5gj4\">\n<div class=\"x13faqbe x78zum5 xdt5ytf\">\n<div>\n<div class=\"x9f619 x1n2onr6 x1ja2u2z x78zum5 x1nhvcw1 x1qjc9v5 xozqiw3 x1q0g3np xexx8yu xykv574 xbmpl8g x4cne27 xifccgj xs83m0k\"><\/div>\n<\/div>\n<\/div>\n<\/div>\n<div class=\"xat24cr\">\n<div class=\"x13faqbe x78zum5 xdt5ytf\">\n<div class=\"x9f619 x1n2onr6 x1ja2u2z x78zum5 x1r8uery x1iyjqo2 xs83m0k xeuugli x1nhvcw1 x1qjc9v5 xozqiw3 x1q0g3np xexx8yu xykv574 xbmpl8g x4cne27 xifccgj\">\n<div class=\"x9f619 x1n2onr6 x1ja2u2z x78zum5 xdt5ytf x2lah0s x193iq5w xeuugli xsyo7zv x16hj40l x10b6aqq x1yrsyyn\"><\/div>\n<\/div>\n<\/div>\n<\/div>\n\t<\/div>\n<\/div>\n\n\n\n\n<div class=\"wpb_text_column wpb_content_element  vc_custom_1758557997878\" >\n\t<div class=\"wpb_wrapper\">\n\t\t<p><span style=\"color: #808080;\"><span style=\"color: #333333;\">HORARI:<\/span><br \/>\nD<span lang=\"FR\">illuns a divendres: 8:00h\u201314:00h i de 17 a 20 H\u00a0<\/span><\/span><br \/>\n<span style=\"color: #808080;\">Dissabte: 8:00h a 14:00h<\/span><br \/>\n<span style=\"color: #808080;\">Diumenge: Els diumenges obrim 11 a 14 h<\/span><\/p>\n<div><\/div>\n\t<\/div>\n<\/div>\n\n\n\n<div class=\"divider-wrap\" data-alignment=\"default\"><div style=\"height: 50px;\" class=\"divider\"><\/div><\/div><div class=\"nectar-cta  alignment_tablet_default alignment_phone_default display_tablet_inherit display_phone_inherit\" data-color=\"default\" data-using-bg=\"false\" data-style=\"see-through\" data-display=\"block\" data-alignment=\"left\" data-text-color=\"custom\" ><h5 style=\"color: #d92028;\"> <span class=\"text\"> <\/span><span class=\"link_wrap\" ><a  class=\"link_text\" role=\"button\" href=\"https:\/\/maps.app.goo.gl\/wpCwpeVYidPxfkraA\">GOOGLE MAPS<span class=\"arrow\"><\/span><\/a><\/span><\/h5><\/div>\n\t\t\t<\/div> \n\t\t<\/div>\n\t<\/div> \n<\/div><\/div>","protected":false},"excerpt":{"rendered":"Casa Librada us ofereix la millor selecci\u00f3 de carns, formatges, i embotits. Actualitzem els productes disponibles i els preus a diari Volem donar-lis la nostra millor garantia de Servei i...","protected":false},"author":1,"featured_media":0,"parent":0,"menu_order":0,"comment_status":"open","ping_status":"closed","template":"","meta":{"footnotes":""},"class_list":["post-2183","page","type-page","status-publish"],"_links":{"self":[{"href":"https:\/\/casalibrada.com\/en\/wp-json\/wp\/v2\/pages\/2183","targetHints":{"allow":["GET"]}}],"collection":[{"href":"https:\/\/casalibrada.com\/en\/wp-json\/wp\/v2\/pages"}],"about":[{"href":"https:\/\/casalibrada.com\/en\/wp-json\/wp\/v2\/types\/page"}],"author":[{"embeddable":true,"href":"https:\/\/casalibrada.com\/en\/wp-json\/wp\/v2\/users\/1"}],"replies":[{"embeddable":true,"href":"https:\/\/casalibrada.com\/en\/wp-json\/wp\/v2\/comments?post=2183"}],"version-history":[{"count":28,"href":"https:\/\/casalibrada.com\/en\/wp-json\/wp\/v2\/pages\/2183\/revisions"}],"predecessor-version":[{"id":2537,"href":"https:\/\/casalibrada.com\/en\/wp-json\/wp\/v2\/pages\/2183\/revisions\/2537"}],"wp:attachment":[{"href":"https:\/\/casalibrada.com\/en\/wp-json\/wp\/v2\/media?parent=2183"}],"curies":[{"name":"wp","href":"https:\/\/api.w.org\/{rel}","templated":true}]}}